{"id":1348,"date":"2026-01-13T08:51:58","date_gmt":"2026-01-13T08:51:58","guid":{"rendered":"https:\/\/btv4.sstech247.com\/?page_id=1348"},"modified":"2026-01-13T08:54:30","modified_gmt":"2026-01-13T08:54:30","slug":"professionelle-haushaltshilfen","status":"publish","type":"page","link":"https:\/\/btv4.sstech247.com\/it\/barrierefreies-reisen\/professionelle-haushaltshilfen\/","title":{"rendered":"Professionelle  Haushaltshilfen"},"content":{"rendered":"<div data-elementor-type=\"wp-page\" data-elementor-id=\"1348\" class=\"elementor elementor-1348\" data-elementor-post-type=\"page\">\n\t\t\t\t<div class=\"elementor-element elementor-element-a12aabf e-con-full e-flex e-con e-parent\" data-id=\"a12aabf\" data-element_type=\"container\">\n\t\t\t\t<div class=\"elementor-element elementor-element-ce3a637 elementor-widget elementor-widget-shortcode\" data-id=\"ce3a637\" data-element_type=\"widget\" data-widget_type=\"shortcode.default\">\n\t\t\t\t\t\t\t<div class=\"elementor-shortcode\">\t\t<div data-elementor-type=\"container\" data-elementor-id=\"612\" class=\"elementor elementor-612\" data-elementor-post-type=\"elementor_library\">\n\t\t\t\t<div class=\"elementor-element elementor-element-54c8a4a2 e-flex e-con-boxed e-con e-parent\" data-id=\"54c8a4a2\" data-element_type=\"container\" data-settings=\"{&quot;background_background&quot;:&quot;classic&quot;}\">\n\t\t\t\t\t<div class=\"e-con-inner\">\n\t\t\t\t<div class=\"elementor-element elementor-element-1c526055 elementor-icon-list--layout-inline elementor-list-item-link-inline elementor-mobile-align-center elementor-widget-mobile__width-inherit elementor-widget elementor-widget-icon-list\" data-id=\"1c526055\" data-element_type=\"widget\" data-widget_type=\"icon-list.default\">\n\t\t\t\t\t\t\t<ul class=\"elementor-icon-list-items elementor-inline-items\">\n\t\t\t\t\t\t\t<li class=\"elementor-icon-list-item elementor-inline-item\">\n\t\t\t\t\t\t\t\t\t\t\t<a href=\"https:\/\/btv4.sstech247.com\/it\/\">\n\n\t\t\t\t\t\t\t\t\t\t\t<span class=\"elementor-icon-list-text\">Casa<\/span>\n\t\t\t\t\t\t\t\t\t\t\t<\/a>\n\t\t\t\t\t\t\t\t\t<\/li>\n\t\t\t\t\t\t\t\t<li class=\"elementor-icon-list-item elementor-inline-item\">\n\t\t\t\t\t\t\t\t\t\t\t<span class=\"elementor-icon-list-icon\">\n\t\t\t\t\t\t\t<svg aria-hidden=\"true\" class=\"e-font-icon-svg e-fas-chevron-right\" viewbox=\"0 0 320 512\" xmlns=\"http:\/\/www.w3.org\/2000\/svg\"><path d=\"M285.476 272.971L91.132 467.314c-9.373 9.373-24.569 9.373-33.941 0l-22.667-22.667c-9.357-9.357-9.375-24.522-.04-33.901L188.505 256 34.484 101.255c-9.335-9.379-9.317-24.544.04-33.901l22.667-22.667c9.373-9.373 24.569-9.373 33.941 0L285.475 239.03c9.373 9.372 9.373 24.568.001 33.941z\"><\/path><\/svg>\t\t\t\t\t\t<\/span>\n\t\t\t\t\t\t\t\t\t\t<span class=\"elementor-icon-list-text\"><\/span>\n\t\t\t\t\t\t\t\t\t<\/li>\n\t\t\t\t\t\t<\/ul>\n\t\t\t\t\t\t<\/div>\n\t\t\t\t\t<\/div>\n\t\t\t\t<\/div>\n\t\t\t\t<\/div>\n\t\t<\/div>\n\t\t\t\t\t\t<\/div>\n\t\t\t\t<\/div>\n\t\t<div class=\"elementor-element elementor-element-77c3e50 e-flex e-con-boxed e-con e-parent\" data-id=\"77c3e50\" data-element_type=\"container\" data-settings=\"{&quot;background_background&quot;:&quot;gradient&quot;}\">\n\t\t\t\t\t<div class=\"e-con-inner\">\n\t\t<div class=\"elementor-element elementor-element-a3ce84a e-con-full e-flex e-con e-child\" data-id=\"a3ce84a\" data-element_type=\"container\">\n\t\t\t\t<div class=\"elementor-element elementor-element-2aa373b elementor-widget__width-inherit elementor-invisible elementor-widget elementor-widget-heading\" data-id=\"2aa373b\" data-element_type=\"widget\" data-settings=\"{&quot;_animation&quot;:&quot;fadeInUp&quot;}\" data-widget_type=\"heading.default\">\n\t\t\t\t\t<h2 class=\"elementor-heading-title elementor-size-default\">Servizi domestici<\/h2>\t\t\t\t<\/div>\n\t\t\t\t<div class=\"elementor-element elementor-element-0615371 elementor-widget__width-initial elementor-invisible elementor-widget elementor-widget-text-editor\" data-id=\"0615371\" data-element_type=\"widget\" data-settings=\"{&quot;_animation&quot;:&quot;fadeInUp&quot;}\" data-widget_type=\"text-editor.default\">\n\t\t\t\t\t\t\t\t\tIl nostro obiettivo principale \u00e8 quello di consentirti di trascorrere gli anni della pensione nella tua casa. \t\t\t\t\t\t\t\t<\/div>\n\t\t\t\t<div class=\"elementor-element elementor-element-6e758a8 elementor-list-item-link-inline elementor-icon-list--layout-traditional elementor-widget elementor-widget-icon-list\" data-id=\"6e758a8\" data-element_type=\"widget\" data-widget_type=\"icon-list.default\">\n\t\t\t\t\t\t\t<ul class=\"elementor-icon-list-items\">\n\t\t\t\t\t\t\t<li class=\"elementor-icon-list-item\">\n\t\t\t\t\t\t\t\t\t\t\t<span class=\"elementor-icon-list-icon\">\n\t\t\t\t\t\t\t<svg aria-hidden=\"true\" class=\"e-font-icon-svg e-fas-dot-circle\" viewbox=\"0 0 512 512\" xmlns=\"http:\/\/www.w3.org\/2000\/svg\"><path d=\"M256 8C119.033 8 8 119.033 8 256s111.033 248 248 248 248-111.033 248-248S392.967 8 256 8zm80 248c0 44.112-35.888 80-80 80s-80-35.888-80-80 35.888-80 80-80 80 35.888 80 80z\"><\/path><\/svg>\t\t\t\t\t\t<\/span>\n\t\t\t\t\t\t\t\t\t\t<span class=\"elementor-icon-list-text\">Asilo nido a domicilio (un sollievo per la famiglia)<\/span>\n\t\t\t\t\t\t\t\t\t<\/li>\n\t\t\t\t\t\t\t\t<li class=\"elementor-icon-list-item\">\n\t\t\t\t\t\t\t\t\t\t\t<span class=\"elementor-icon-list-icon\">\n\t\t\t\t\t\t\t<svg aria-hidden=\"true\" class=\"e-font-icon-svg e-fas-dot-circle\" viewbox=\"0 0 512 512\" xmlns=\"http:\/\/www.w3.org\/2000\/svg\"><path d=\"M256 8C119.033 8 8 119.033 8 256s111.033 248 248 248 248-111.033 248-248S392.967 8 256 8zm80 248c0 44.112-35.888 80-80 80s-80-35.888-80-80 35.888-80 80-80 80 35.888 80 80z\"><\/path><\/svg>\t\t\t\t\t\t<\/span>\n\t\t\t\t\t\t\t\t\t\t<span class=\"elementor-icon-list-text\">Assistenza oraria (sollievo per la famiglia)<\/span>\n\t\t\t\t\t\t\t\t\t<\/li>\n\t\t\t\t\t\t\t\t<li class=\"elementor-icon-list-item\">\n\t\t\t\t\t\t\t\t\t\t\t<span class=\"elementor-icon-list-icon\">\n\t\t\t\t\t\t\t<svg aria-hidden=\"true\" class=\"e-font-icon-svg e-fas-dot-circle\" viewbox=\"0 0 512 512\" xmlns=\"http:\/\/www.w3.org\/2000\/svg\"><path d=\"M256 8C119.033 8 8 119.033 8 256s111.033 248 248 248 248-111.033 248-248S392.967 8 256 8zm80 248c0 44.112-35.888 80-80 80s-80-35.888-80-80 35.888-80 80-80 80 35.888 80 80z\"><\/path><\/svg>\t\t\t\t\t\t<\/span>\n\t\t\t\t\t\t\t\t\t\t<span class=\"elementor-icon-list-text\">Organizzare la spesa<\/span>\n\t\t\t\t\t\t\t\t\t<\/li>\n\t\t\t\t\t\t\t\t<li class=\"elementor-icon-list-item\">\n\t\t\t\t\t\t\t\t\t\t\t<span class=\"elementor-icon-list-icon\">\n\t\t\t\t\t\t\t<svg aria-hidden=\"true\" class=\"e-font-icon-svg e-fas-dot-circle\" viewbox=\"0 0 512 512\" xmlns=\"http:\/\/www.w3.org\/2000\/svg\"><path d=\"M256 8C119.033 8 8 119.033 8 256s111.033 248 248 248 248-111.033 248-248S392.967 8 256 8zm80 248c0 44.112-35.888 80-80 80s-80-35.888-80-80 35.888-80 80-80 80 35.888 80 80z\"><\/path><\/svg>\t\t\t\t\t\t<\/span>\n\t\t\t\t\t\t\t\t\t\t<span class=\"elementor-icon-list-text\">Organizzazione delle risorse<\/span>\n\t\t\t\t\t\t\t\t\t<\/li>\n\t\t\t\t\t\t<\/ul>\n\t\t\t\t\t\t<\/div>\n\t\t\t\t<div class=\"elementor-element elementor-element-d65ffd8 elementor-widget__width-inherit elementor-invisible elementor-widget elementor-widget-heading\" data-id=\"d65ffd8\" data-element_type=\"widget\" data-settings=\"{&quot;_animation&quot;:&quot;fadeInUp&quot;}\" data-widget_type=\"heading.default\">\n\t\t\t\t\t<h3 class=\"elementor-heading-title elementor-size-default\">Parlateci dei vostri desideri e delle vostre esigenze.<\/h3>\t\t\t\t<\/div>\n\t\t\t\t<div class=\"elementor-element elementor-element-6ff2c80 elementor-widget__width-initial elementor-invisible elementor-widget elementor-widget-text-editor\" data-id=\"6ff2c80\" data-element_type=\"widget\" data-settings=\"{&quot;_animation&quot;:&quot;fadeInUp&quot;}\" data-widget_type=\"text-editor.default\">\n\t\t\t\t\t\t\t\t\t<p>Siamo un servizio privato e la tua assicurazione sanitaria potrebbe non coprire questi costi. Verifica con la tua compagnia assicurativa la copertura.<\/p><p>In qualit\u00e0 di cliente, sei responsabile del pagamento a BTV for Partners. Le fatture devono essere pagate entro 10 giorni dal ricevimento.<\/p>\t\t\t\t\t\t\t\t<\/div>\n\t\t\t\t<\/div>\n\t\t\t\t\t<\/div>\n\t\t\t\t<\/div>\n\t\t\t\t<\/div>","protected":false},"excerpt":{"rendered":"<p>Hauswirtschaftlicherdienst Unser oberstes Bestreben ist es das Sie Ihren Lebensabend in Ihrem Zuhause verbringen k\u00f6nnen. Tagesbetreuung Zuhause (Entlastung der Familie) Stundenweise Betreuung (Entlastung der Familie) Organisieren von Eink\u00e4ufen Organisation von Hilfsmittel Sprechen Sie mit uns \u00fcber ihre W\u00fcnsche und Bed\u00fcrfnisse. Wir sind ein privater Dienst und es kann sein, dass Ihre Krankenkasse diese Kosten nicht [&hellip;]<\/p>","protected":false},"author":1,"featured_media":0,"parent":623,"menu_order":0,"comment_status":"closed","ping_status":"closed","template":"","meta":{"_acf_changed":false,"_view_id":"","footnotes":""},"class_list":["post-1348","page","type-page","status-publish","hentry"],"acf":[],"_links":{"self":[{"href":"https:\/\/btv4.sstech247.com\/it\/wp-json\/wp\/v2\/pages\/1348","targetHints":{"allow":["GET"]}}],"collection":[{"href":"https:\/\/btv4.sstech247.com\/it\/wp-json\/wp\/v2\/pages"}],"about":[{"href":"https:\/\/btv4.sstech247.com\/it\/wp-json\/wp\/v2\/types\/page"}],"author":[{"embeddable":true,"href":"https:\/\/btv4.sstech247.com\/it\/wp-json\/wp\/v2\/users\/1"}],"replies":[{"embeddable":true,"href":"https:\/\/btv4.sstech247.com\/it\/wp-json\/wp\/v2\/comments?post=1348"}],"version-history":[{"count":4,"href":"https:\/\/btv4.sstech247.com\/it\/wp-json\/wp\/v2\/pages\/1348\/revisions"}],"predecessor-version":[{"id":1352,"href":"https:\/\/btv4.sstech247.com\/it\/wp-json\/wp\/v2\/pages\/1348\/revisions\/1352"}],"up":[{"embeddable":true,"href":"https:\/\/btv4.sstech247.com\/it\/wp-json\/wp\/v2\/pages\/623"}],"wp:attachment":[{"href":"https:\/\/btv4.sstech247.com\/it\/wp-json\/wp\/v2\/media?parent=1348"}],"curies":[{"name":"wp","href":"https:\/\/api.w.org\/{rel}","templated":true}]}}