{"id":879,"date":"2025-10-10T17:29:44","date_gmt":"2025-10-10T17:29:44","guid":{"rendered":"https:\/\/btv4.sstech247.com\/?page_id=879"},"modified":"2026-01-14T09:09:30","modified_gmt":"2026-01-14T09:09:30","slug":"alltagshilfen","status":"publish","type":"page","link":"https:\/\/btv4.sstech247.com\/fr\/btv-hilfsmittel\/alltagshilfen\/","title":{"rendered":"Aides quotidiennes"},"content":{"rendered":"<div data-elementor-type=\"wp-page\" data-elementor-id=\"879\" class=\"elementor elementor-879\" data-elementor-post-type=\"page\">\n\t\t\t\t<div class=\"elementor-element elementor-element-0bb5d5e e-con-full e-flex e-con e-parent\" data-id=\"0bb5d5e\" data-element_type=\"container\">\n\t\t\t\t<div class=\"elementor-element elementor-element-fd85a45 elementor-widget elementor-widget-shortcode\" data-id=\"fd85a45\" data-element_type=\"widget\" data-widget_type=\"shortcode.default\">\n\t\t\t\t\t\t\t<div class=\"elementor-shortcode\">\t\t<div data-elementor-type=\"container\" data-elementor-id=\"612\" class=\"elementor elementor-612\" data-elementor-post-type=\"elementor_library\">\n\t\t\t\t<div class=\"elementor-element elementor-element-54c8a4a2 e-flex e-con-boxed e-con e-parent\" data-id=\"54c8a4a2\" data-element_type=\"container\" data-settings=\"{&quot;background_background&quot;:&quot;classic&quot;}\">\n\t\t\t\t\t<div class=\"e-con-inner\">\n\t\t\t\t<div class=\"elementor-element elementor-element-1c526055 elementor-icon-list--layout-inline elementor-list-item-link-inline elementor-mobile-align-center elementor-widget-mobile__width-inherit elementor-widget elementor-widget-icon-list\" data-id=\"1c526055\" data-element_type=\"widget\" data-widget_type=\"icon-list.default\">\n\t\t\t\t\t\t\t<ul class=\"elementor-icon-list-items elementor-inline-items\">\n\t\t\t\t\t\t\t<li class=\"elementor-icon-list-item elementor-inline-item\">\n\t\t\t\t\t\t\t\t\t\t\t<a href=\"https:\/\/btv4.sstech247.com\/fr\/\">\n\n\t\t\t\t\t\t\t\t\t\t\t<span class=\"elementor-icon-list-text\">Maison<\/span>\n\t\t\t\t\t\t\t\t\t\t\t<\/a>\n\t\t\t\t\t\t\t\t\t<\/li>\n\t\t\t\t\t\t\t\t<li class=\"elementor-icon-list-item elementor-inline-item\">\n\t\t\t\t\t\t\t\t\t\t\t<span class=\"elementor-icon-list-icon\">\n\t\t\t\t\t\t\t<svg aria-hidden=\"true\" class=\"e-font-icon-svg e-fas-chevron-right\" viewbox=\"0 0 320 512\" xmlns=\"http:\/\/www.w3.org\/2000\/svg\"><path d=\"M285.476 272.971L91.132 467.314c-9.373 9.373-24.569 9.373-33.941 0l-22.667-22.667c-9.357-9.357-9.375-24.522-.04-33.901L188.505 256 34.484 101.255c-9.335-9.379-9.317-24.544.04-33.901l22.667-22.667c9.373-9.373 24.569-9.373 33.941 0L285.475 239.03c9.373 9.372 9.373 24.568.001 33.941z\"><\/path><\/svg>\t\t\t\t\t\t<\/span>\n\t\t\t\t\t\t\t\t\t\t<span class=\"elementor-icon-list-text\"><\/span>\n\t\t\t\t\t\t\t\t\t<\/li>\n\t\t\t\t\t\t<\/ul>\n\t\t\t\t\t\t<\/div>\n\t\t\t\t\t<\/div>\n\t\t\t\t<\/div>\n\t\t\t\t<\/div>\n\t\t<\/div>\n\t\t\t\t\t\t<\/div>\n\t\t\t\t<\/div>\n\t\t<div class=\"elementor-element elementor-element-66d9c9f e-flex e-con-boxed e-con e-parent\" data-id=\"66d9c9f\" data-element_type=\"container\">\n\t\t\t\t\t<div class=\"e-con-inner\">\n\t\t<div class=\"elementor-element elementor-element-7f61367 e-con-full e-flex e-con e-child\" data-id=\"7f61367\" data-element_type=\"container\">\n\t\t\t\t<div class=\"elementor-element elementor-element-7a8ac9d elementor-invisible elementor-widget elementor-widget-heading\" data-id=\"7a8ac9d\" data-element_type=\"widget\" data-settings=\"{&quot;_animation&quot;:&quot;fadeInUp&quot;}\" data-widget_type=\"heading.default\">\n\t\t\t\t\t<h1 class=\"elementor-heading-title elementor-size-default\">Aides quotidiennes\n<\/h1>\t\t\t\t<\/div>\n\t\t\t\t<div class=\"elementor-element elementor-element-9c508b0 elementor-widget-divider--view-line elementor-invisible elementor-widget elementor-widget-divider\" data-id=\"9c508b0\" data-element_type=\"widget\" data-settings=\"{&quot;_animation&quot;:&quot;fadeInUp&quot;}\" data-widget_type=\"divider.default\">\n\t\t\t\t\t\t\t<div class=\"elementor-divider\">\n\t\t\t<span class=\"elementor-divider-separator\">\n\t\t\t\t\t\t<\/span>\n\t\t<\/div>\n\t\t\t\t\t\t<\/div>\n\t\t\t\t<div class=\"elementor-element elementor-element-1ffa03f elementor-invisible elementor-widget elementor-widget-text-editor\" data-id=\"1ffa03f\" data-element_type=\"widget\" data-settings=\"{&quot;_animation&quot;:&quot;fadeInUp&quot;}\" data-widget_type=\"text-editor.default\">\n\t\t\t\t\t\t\t\t\t<p>Nos aides techniques vous permettent de vivre votre quotidien aussi facilement, confortablement et en toute autonomie que possible. Nous sommes \u00e0 votre disposition pour vous conseiller par t\u00e9l\u00e9phone ou en magasin.<\/p>\t\t\t\t\t\t\t\t<\/div>\n\t\t\t\t<div class=\"elementor-element elementor-element-4ad713a elementor-invisible elementor-widget elementor-widget-button\" data-id=\"4ad713a\" data-element_type=\"widget\" data-settings=\"{&quot;_animation&quot;:&quot;fadeInUp&quot;}\" data-widget_type=\"button.default\">\n\t\t\t\t\t\t\t\t\t\t<a class=\"elementor-button elementor-button-link elementor-size-sm\" href=\"https:\/\/shop.rs-hilfsmittel.ch\/de\/alltagshilfen\" target=\"_blank\">\n\t\t\t\t\t\t<span class=\"elementor-button-content-wrapper\">\n\t\t\t\t\t\t\t\t\t<span class=\"elementor-button-text\">Aides quotidiennes dans la boutique RS\/BTV pour les partenaires<\/span>\n\t\t\t\t\t<\/span>\n\t\t\t\t\t<\/a>\n\t\t\t\t\t\t\t\t<\/div>\n\t\t\t\t<div class=\"elementor-element elementor-element-ca28465 elementor-invisible elementor-widget elementor-widget-text-editor\" data-id=\"ca28465\" data-element_type=\"widget\" data-settings=\"{&quot;_animation&quot;:&quot;fadeInUp&quot;}\" data-widget_type=\"text-editor.default\">\n\t\t\t\t\t\t\t\t\tVeuillez consulter cette page \u00e0 nouveau prochainement. Merci de votre int\u00e9r\u00eat\u00a0!\t\t\t\t\t\t\t\t<\/div>\n\t\t\t\t<\/div>\n\t\t\t\t<div class=\"elementor-element elementor-element-cbc66f1 elementor-widget__width-initial elementor-widget-mobile__width-inherit elementor-widget-tablet__width-inherit elementor-widget elementor-widget-image\" data-id=\"cbc66f1\" data-element_type=\"widget\" data-widget_type=\"image.default\">\n\t\t\t\t\t\t\t\t\t\t\t\t\t\t\t<img fetchpriority=\"high\" decoding=\"async\" width=\"1999\" height=\"1500\" src=\"https:\/\/btv4.sstech247.com\/wp-content\/uploads\/2025\/10\/slide-two.webp\" class=\"attachment-full size-full wp-image-63\" alt=\"\" srcset=\"https:\/\/btv4.sstech247.com\/wp-content\/uploads\/2025\/10\/slide-two.webp 1999w, https:\/\/btv4.sstech247.com\/wp-content\/uploads\/2025\/10\/slide-two-300x225.webp 300w, https:\/\/btv4.sstech247.com\/wp-content\/uploads\/2025\/10\/slide-two-1024x768.webp 1024w, https:\/\/btv4.sstech247.com\/wp-content\/uploads\/2025\/10\/slide-two-768x576.webp 768w, https:\/\/btv4.sstech247.com\/wp-content\/uploads\/2025\/10\/slide-two-1536x1153.webp 1536w\" sizes=\"(max-width: 1999px) 100vw, 1999px\" \/>\t\t\t\t\t\t\t\t\t\t\t\t\t\t\t<\/div>\n\t\t\t\t\t<\/div>\n\t\t\t\t<\/div>\n\t\t\t\t<\/div>","protected":false},"excerpt":{"rendered":"<p>Alltagshilfen Unsere Hilfsmittel helfen Ihnen, Ihren Alltag so einfach, angenehm und selbstst\u00e4ndig wie m\u00f6glich zu leben. Gerne beraten wir Sie am Telefon oder in unserem Laden. Alltagshilfen im Shop von RS \/ BTV for Partners Bitte besuchen Sie diese Seite bald wieder. Vielen Dank f\u00fcr ihr Interesse!<\/p>","protected":false},"author":1,"featured_media":0,"parent":675,"menu_order":0,"comment_status":"closed","ping_status":"closed","template":"","meta":{"_acf_changed":false,"_view_id":"","footnotes":""},"class_list":["post-879","page","type-page","status-publish","hentry"],"acf":[],"_links":{"self":[{"href":"https:\/\/btv4.sstech247.com\/fr\/wp-json\/wp\/v2\/pages\/879","targetHints":{"allow":["GET"]}}],"collection":[{"href":"https:\/\/btv4.sstech247.com\/fr\/wp-json\/wp\/v2\/pages"}],"about":[{"href":"https:\/\/btv4.sstech247.com\/fr\/wp-json\/wp\/v2\/types\/page"}],"author":[{"embeddable":true,"href":"https:\/\/btv4.sstech247.com\/fr\/wp-json\/wp\/v2\/users\/1"}],"replies":[{"embeddable":true,"href":"https:\/\/btv4.sstech247.com\/fr\/wp-json\/wp\/v2\/comments?post=879"}],"version-history":[{"count":13,"href":"https:\/\/btv4.sstech247.com\/fr\/wp-json\/wp\/v2\/pages\/879\/revisions"}],"predecessor-version":[{"id":1383,"href":"https:\/\/btv4.sstech247.com\/fr\/wp-json\/wp\/v2\/pages\/879\/revisions\/1383"}],"up":[{"embeddable":true,"href":"https:\/\/btv4.sstech247.com\/fr\/wp-json\/wp\/v2\/pages\/675"}],"wp:attachment":[{"href":"https:\/\/btv4.sstech247.com\/fr\/wp-json\/wp\/v2\/media?parent=879"}],"curies":[{"name":"wp","href":"https:\/\/api.w.org\/{rel}","templated":true}]}}