{"id":439,"date":"2025-10-06T13:52:50","date_gmt":"2025-10-06T13:52:50","guid":{"rendered":"https:\/\/btv4.sstech247.com\/?page_id=439"},"modified":"2026-01-20T09:08:02","modified_gmt":"2026-01-20T09:08:02","slug":"angebote","status":"publish","type":"page","link":"https:\/\/btv4.sstech247.com\/fr\/angebote\/","title":{"rendered":"Offres"},"content":{"rendered":"<div data-elementor-type=\"wp-page\" data-elementor-id=\"439\" class=\"elementor elementor-439\" data-elementor-post-type=\"page\">\n\t\t\t\t<div class=\"elementor-element elementor-element-2924428 e-flex e-con-boxed e-con e-parent\" data-id=\"2924428\" data-element_type=\"container\" data-settings=\"{&quot;background_background&quot;:&quot;classic&quot;}\">\n\t\t\t\t\t<div class=\"e-con-inner\">\n\t\t\t\t<div class=\"elementor-element elementor-element-c4127fb elementor-icon-list--layout-inline elementor-list-item-link-inline elementor-widget elementor-widget-icon-list\" data-id=\"c4127fb\" data-element_type=\"widget\" data-widget_type=\"icon-list.default\">\n\t\t\t\t\t\t\t<ul class=\"elementor-icon-list-items elementor-inline-items\">\n\t\t\t\t\t\t\t<li class=\"elementor-icon-list-item elementor-inline-item\">\n\t\t\t\t\t\t\t\t\t\t<span class=\"elementor-icon-list-text\">Home<\/span>\n\t\t\t\t\t\t\t\t\t<\/li>\n\t\t\t\t\t\t\t\t<li class=\"elementor-icon-list-item elementor-inline-item\">\n\t\t\t\t\t\t\t\t\t\t\t<span class=\"elementor-icon-list-icon\">\n\t\t\t\t\t\t\t<svg aria-hidden=\"true\" class=\"e-font-icon-svg e-fas-chevron-right\" viewbox=\"0 0 320 512\" xmlns=\"http:\/\/www.w3.org\/2000\/svg\"><path d=\"M285.476 272.971L91.132 467.314c-9.373 9.373-24.569 9.373-33.941 0l-22.667-22.667c-9.357-9.357-9.375-24.522-.04-33.901L188.505 256 34.484 101.255c-9.335-9.379-9.317-24.544.04-33.901l22.667-22.667c9.373-9.373 24.569-9.373 33.941 0L285.475 239.03c9.373 9.372 9.373 24.568.001 33.941z\"><\/path><\/svg>\t\t\t\t\t\t<\/span>\n\t\t\t\t\t\t\t\t\t\t<span class=\"elementor-icon-list-text\"><\/span>\n\t\t\t\t\t\t\t\t\t<\/li>\n\t\t\t\t\t\t<\/ul>\n\t\t\t\t\t\t<\/div>\n\t\t\t\t\t<\/div>\n\t\t\t\t<\/div>\n\t\t<div class=\"elementor-element elementor-element-88d519c e-flex e-con-boxed e-con e-parent\" data-id=\"88d519c\" data-element_type=\"container\">\n\t\t\t\t\t<div class=\"e-con-inner\">\n\t\t\t\t<div class=\"elementor-element elementor-element-de803be elementor-invisible elementor-widget elementor-widget-heading\" data-id=\"de803be\" data-element_type=\"widget\" data-settings=\"{&quot;_animation&quot;:&quot;fadeInUp&quot;}\" data-widget_type=\"heading.default\">\n\t\t\t\t\t<h1 class=\"elementor-heading-title elementor-size-default\">BTV pour les offres partenaires\n<\/h1>\t\t\t\t<\/div>\n\t\t\t\t<div class=\"elementor-element elementor-element-3103f8c elementor-widget-divider--view-line elementor-invisible elementor-widget elementor-widget-divider\" data-id=\"3103f8c\" data-element_type=\"widget\" data-settings=\"{&quot;_animation&quot;:&quot;fadeInUp&quot;}\" data-widget_type=\"divider.default\">\n\t\t\t\t\t\t\t<div class=\"elementor-divider\">\n\t\t\t<span class=\"elementor-divider-separator\">\n\t\t\t\t\t\t<\/span>\n\t\t<\/div>\n\t\t\t\t\t\t<\/div>\n\t\t\t\t<div class=\"elementor-element elementor-element-24c0259 elementor-invisible elementor-widget elementor-widget-text-editor\" data-id=\"24c0259\" data-element_type=\"widget\" data-settings=\"{&quot;_animation&quot;:&quot;fadeInUp&quot;}\" data-widget_type=\"text-editor.default\">\n\t\t\t\t\t\t\t\t\tBTV for Partners est une soci\u00e9t\u00e9 qui r\u00e9pond aux besoins du secteur m\u00e9dical.\n\n\t\t\t\t\t\t\t\t<\/div>\n\t\t<div class=\"elementor-element elementor-element-c93fdfb e-con-full e-grid e-con e-child\" data-id=\"c93fdfb\" data-element_type=\"container\">\n\t\t<div class=\"elementor-element elementor-element-876f56d e-con-full animated-slow img-hov e-flex elementor-invisible e-con e-child\" data-id=\"876f56d\" data-element_type=\"container\" data-settings=\"{&quot;background_background&quot;:&quot;classic&quot;,&quot;animation&quot;:&quot;fadeInUp&quot;}\">\n\t\t\t\t<div class=\"elementor-element elementor-element-a46f4fd elementor-position-top elementor-widget elementor-widget-image-box\" data-id=\"a46f4fd\" data-element_type=\"widget\" data-widget_type=\"image-box.default\">\n\t\t\t\t\t<div class=\"elementor-image-box-wrapper\"><figure class=\"elementor-image-box-img\"><img fetchpriority=\"high\" decoding=\"async\" width=\"512\" height=\"512\" src=\"https:\/\/btv4.sstech247.com\/wp-content\/uploads\/2025\/10\/protection.png\" class=\"attachment-full size-full wp-image-100\" alt=\"\" srcset=\"https:\/\/btv4.sstech247.com\/wp-content\/uploads\/2025\/10\/protection.png 512w, https:\/\/btv4.sstech247.com\/wp-content\/uploads\/2025\/10\/protection-300x300.png 300w, https:\/\/btv4.sstech247.com\/wp-content\/uploads\/2025\/10\/protection-150x150.png 150w\" sizes=\"(max-width: 512px) 100vw, 512px\" \/><\/figure><div class=\"elementor-image-box-content\"><h3 class=\"elementor-image-box-title\">Barrierefreies Reisen mit medizinischer Betreuung<\/h3><p class=\"elementor-image-box-description\">Des voyages s\u00fbrs et inclusifs avec des soins m\u00e9dicaux fiables.\n\n<\/p><\/div><\/div>\t\t\t\t<\/div>\n\t\t\t\t<\/div>\n\t\t<div class=\"elementor-element elementor-element-4127f0c e-con-full animated-slow img-hov e-flex elementor-invisible e-con e-child\" data-id=\"4127f0c\" data-element_type=\"container\" data-settings=\"{&quot;background_background&quot;:&quot;classic&quot;,&quot;animation&quot;:&quot;fadeInUp&quot;}\">\n\t\t\t\t<div class=\"elementor-element elementor-element-5672436 elementor-position-top elementor-widget elementor-widget-image-box\" data-id=\"5672436\" data-element_type=\"widget\" data-widget_type=\"image-box.default\">\n\t\t\t\t\t<div class=\"elementor-image-box-wrapper\"><figure class=\"elementor-image-box-img\"><img decoding=\"async\" width=\"512\" height=\"512\" src=\"https:\/\/btv4.sstech247.com\/wp-content\/uploads\/2025\/10\/public-service.png\" class=\"attachment-full size-full wp-image-137\" alt=\"\" srcset=\"https:\/\/btv4.sstech247.com\/wp-content\/uploads\/2025\/10\/public-service.png 512w, https:\/\/btv4.sstech247.com\/wp-content\/uploads\/2025\/10\/public-service-300x300.png 300w, https:\/\/btv4.sstech247.com\/wp-content\/uploads\/2025\/10\/public-service-150x150.png 150w\" sizes=\"(max-width: 512px) 100vw, 512px\" \/><\/figure><div class=\"elementor-image-box-content\"><h3 class=\"elementor-image-box-title\">Kurzzeitpflege im Hotel oder Chalet<\/h3><p class=\"elementor-image-box-description\">Soins \u00e0 domicile de courte dur\u00e9e et empreints de compassion pour les familles et les aidants.\n\n<\/p><\/div><\/div>\t\t\t\t<\/div>\n\t\t\t\t<\/div>\n\t\t<div class=\"elementor-element elementor-element-d7f3818 e-con-full animated-slow img-hov e-flex elementor-invisible e-con e-child\" data-id=\"d7f3818\" data-element_type=\"container\" data-settings=\"{&quot;background_background&quot;:&quot;classic&quot;,&quot;animation&quot;:&quot;fadeInUp&quot;}\">\n\t\t\t\t<div class=\"elementor-element elementor-element-7f29c1f elementor-position-top elementor-widget elementor-widget-image-box\" data-id=\"7f29c1f\" data-element_type=\"widget\" data-widget_type=\"image-box.default\">\n\t\t\t\t\t<div class=\"elementor-image-box-wrapper\"><figure class=\"elementor-image-box-img\"><img decoding=\"async\" width=\"512\" height=\"512\" src=\"https:\/\/btv4.sstech247.com\/wp-content\/uploads\/2025\/10\/24-hours-support.png\" class=\"attachment-full size-full wp-image-138\" alt=\"\" srcset=\"https:\/\/btv4.sstech247.com\/wp-content\/uploads\/2025\/10\/24-hours-support.png 512w, https:\/\/btv4.sstech247.com\/wp-content\/uploads\/2025\/10\/24-hours-support-300x300.png 300w, https:\/\/btv4.sstech247.com\/wp-content\/uploads\/2025\/10\/24-hours-support-150x150.png 150w\" sizes=\"(max-width: 512px) 100vw, 512px\" \/><\/figure><div class=\"elementor-image-box-content\"><h3 class=\"elementor-image-box-title\">Telealarm in Zusammenarbeit mit dem Schweizerisches Rotes Kreuz<\/h3><p class=\"elementor-image-box-description\">Assistance fiable en cas d'urgence et en surveillance par TeleAlarm.\n\n<\/p><\/div><\/div>\t\t\t\t<\/div>\n\t\t\t\t<\/div>\n\t\t<div class=\"elementor-element elementor-element-524015f e-con-full animated-slow img-hov e-flex elementor-invisible e-con e-child\" data-id=\"524015f\" data-element_type=\"container\" data-settings=\"{&quot;background_background&quot;:&quot;classic&quot;,&quot;animation&quot;:&quot;fadeInUp&quot;}\">\n\t\t\t\t<div class=\"elementor-element elementor-element-2ed4a80 elementor-position-top elementor-widget elementor-widget-image-box\" data-id=\"2ed4a80\" data-element_type=\"widget\" data-widget_type=\"image-box.default\">\n\t\t\t\t\t<div class=\"elementor-image-box-wrapper\"><figure class=\"elementor-image-box-img\"><img loading=\"lazy\" decoding=\"async\" width=\"512\" height=\"512\" src=\"https:\/\/btv4.sstech247.com\/wp-content\/uploads\/2025\/10\/caregiver.png\" class=\"attachment-full size-full wp-image-139\" alt=\"\" srcset=\"https:\/\/btv4.sstech247.com\/wp-content\/uploads\/2025\/10\/caregiver.png 512w, https:\/\/btv4.sstech247.com\/wp-content\/uploads\/2025\/10\/caregiver-300x300.png 300w, https:\/\/btv4.sstech247.com\/wp-content\/uploads\/2025\/10\/caregiver-150x150.png 150w\" sizes=\"(max-width: 512px) 100vw, 512px\" \/><\/figure><div class=\"elementor-image-box-content\"><h3 class=\"elementor-image-box-title\">Professionelle  Haushaltshilfen<\/h3><p class=\"elementor-image-box-description\">Services m\u00e9nagers professionnels pour le confort et l'entretien des chalets.\n\n<\/p><\/div><\/div>\t\t\t\t<\/div>\n\t\t\t\t<\/div>\n\t\t<div class=\"elementor-element elementor-element-f839510 e-con-full animated-slow img-hov e-flex elementor-invisible e-con e-child\" data-id=\"f839510\" data-element_type=\"container\" data-settings=\"{&quot;background_background&quot;:&quot;classic&quot;,&quot;animation&quot;:&quot;fadeInUp&quot;}\">\n\t\t\t\t<div class=\"elementor-element elementor-element-330c91c elementor-position-top elementor-widget elementor-widget-image-box\" data-id=\"330c91c\" data-element_type=\"widget\" data-widget_type=\"image-box.default\">\n\t\t\t\t\t<div class=\"elementor-image-box-wrapper\"><figure class=\"elementor-image-box-img\"><img loading=\"lazy\" decoding=\"async\" width=\"512\" height=\"512\" src=\"https:\/\/btv4.sstech247.com\/wp-content\/uploads\/2025\/10\/hotel.png\" class=\"attachment-full size-full wp-image-418\" alt=\"\" srcset=\"https:\/\/btv4.sstech247.com\/wp-content\/uploads\/2025\/10\/hotel.png 512w, https:\/\/btv4.sstech247.com\/wp-content\/uploads\/2025\/10\/hotel-300x300.png 300w, https:\/\/btv4.sstech247.com\/wp-content\/uploads\/2025\/10\/hotel-150x150.png 150w\" sizes=\"(max-width: 512px) 100vw, 512px\" \/><\/figure><div class=\"elementor-image-box-content\"><h3 class=\"elementor-image-box-title\">Reorganisation von Unternehmen und Heim- oder Pflegedienstleitung auf Zeit <\/h3><p class=\"elementor-image-box-description\">Des soins m\u00e9dicaux sont disponibles sur place dans les h\u00f4tels et les chalets.\n\n<\/p><\/div><\/div>\t\t\t\t<\/div>\n\t\t\t\t<\/div>\n\t\t<div class=\"elementor-element elementor-element-772af37 e-con-full animated-slow img-hov e-flex elementor-invisible e-con e-child\" data-id=\"772af37\" data-element_type=\"container\" data-settings=\"{&quot;background_background&quot;:&quot;classic&quot;,&quot;animation&quot;:&quot;fadeInUp&quot;}\">\n\t\t\t\t<div class=\"elementor-element elementor-element-5f2ee43 elementor-position-top elementor-widget elementor-widget-image-box\" data-id=\"5f2ee43\" data-element_type=\"widget\" data-widget_type=\"image-box.default\">\n\t\t\t\t\t<div class=\"elementor-image-box-wrapper\"><figure class=\"elementor-image-box-img\"><img loading=\"lazy\" decoding=\"async\" width=\"512\" height=\"512\" src=\"https:\/\/btv4.sstech247.com\/wp-content\/uploads\/2025\/10\/palliative.png\" class=\"attachment-full size-full wp-image-419\" alt=\"\" srcset=\"https:\/\/btv4.sstech247.com\/wp-content\/uploads\/2025\/10\/palliative.png 512w, https:\/\/btv4.sstech247.com\/wp-content\/uploads\/2025\/10\/palliative-300x300.png 300w, https:\/\/btv4.sstech247.com\/wp-content\/uploads\/2025\/10\/palliative-150x150.png 150w\" sizes=\"(max-width: 512px) 100vw, 512px\" \/><\/figure><div class=\"elementor-image-box-content\"><h3 class=\"elementor-image-box-title\">soins palliatifs<\/h3><p class=\"elementor-image-box-description\">Un soutien empathique et du r\u00e9confort dans la prise en charge des maladies graves.\n\n<\/p><\/div><\/div>\t\t\t\t<\/div>\n\t\t\t\t<\/div>\n\t\t<div class=\"elementor-element elementor-element-e9f13b8 e-con-full animated-slow img-hov e-flex elementor-invisible e-con e-child\" data-id=\"e9f13b8\" data-element_type=\"container\" data-settings=\"{&quot;background_background&quot;:&quot;classic&quot;,&quot;animation&quot;:&quot;fadeInUp&quot;}\">\n\t\t\t\t<div class=\"elementor-element elementor-element-5fe707d elementor-position-top elementor-widget elementor-widget-image-box\" data-id=\"5fe707d\" data-element_type=\"widget\" data-widget_type=\"image-box.default\">\n\t\t\t\t\t<div class=\"elementor-image-box-wrapper\"><figure class=\"elementor-image-box-img\"><img loading=\"lazy\" decoding=\"async\" width=\"512\" height=\"512\" src=\"https:\/\/btv4.sstech247.com\/wp-content\/uploads\/2025\/10\/medical-checkup.png\" class=\"attachment-full size-full wp-image-420\" alt=\"\" srcset=\"https:\/\/btv4.sstech247.com\/wp-content\/uploads\/2025\/10\/medical-checkup.png 512w, https:\/\/btv4.sstech247.com\/wp-content\/uploads\/2025\/10\/medical-checkup-300x300.png 300w, https:\/\/btv4.sstech247.com\/wp-content\/uploads\/2025\/10\/medical-checkup-150x150.png 150w\" sizes=\"(max-width: 512px) 100vw, 512px\" \/><\/figure><div class=\"elementor-image-box-content\"><h3 class=\"elementor-image-box-title\">Medizinische Versorgung bei ihrer Veranstaltung <\/h3><p class=\"elementor-image-box-description\">Des soins m\u00e9dicaux professionnels sont disponibles lors de tous les \u00e9v\u00e9nements.\n\n<\/p><\/div><\/div>\t\t\t\t<\/div>\n\t\t\t\t<\/div>\n\t\t<div class=\"elementor-element elementor-element-32a62f0 e-con-full animated-slow img-hov e-flex elementor-invisible e-con e-child\" data-id=\"32a62f0\" data-element_type=\"container\" data-settings=\"{&quot;background_background&quot;:&quot;classic&quot;,&quot;animation&quot;:&quot;fadeInUp&quot;}\">\n\t\t\t\t<div class=\"elementor-element elementor-element-fbaa8d2 elementor-position-top elementor-widget elementor-widget-image-box\" data-id=\"fbaa8d2\" data-element_type=\"widget\" data-widget_type=\"image-box.default\">\n\t\t\t\t\t<div class=\"elementor-image-box-wrapper\"><figure class=\"elementor-image-box-img\"><img loading=\"lazy\" decoding=\"async\" width=\"512\" height=\"512\" src=\"https:\/\/btv4.sstech247.com\/wp-content\/uploads\/2025\/10\/medical.png\" class=\"attachment-full size-full wp-image-421\" alt=\"\" srcset=\"https:\/\/btv4.sstech247.com\/wp-content\/uploads\/2025\/10\/medical.png 512w, https:\/\/btv4.sstech247.com\/wp-content\/uploads\/2025\/10\/medical-300x300.png 300w, https:\/\/btv4.sstech247.com\/wp-content\/uploads\/2025\/10\/medical-150x150.png 150w\" sizes=\"(max-width: 512px) 100vw, 512px\" \/><\/figure><div class=\"elementor-image-box-content\"><h3 class=\"elementor-image-box-title\">Unterst\u00fctzung bei suche von Pflegebetten in der Region <\/h3><p class=\"elementor-image-box-description\">Aide \u00e0 la recherche de lits de soins infirmiers.\n\n<\/p><\/div><\/div>\t\t\t\t<\/div>\n\t\t\t\t<\/div>\n\t\t<div class=\"elementor-element elementor-element-5d6d2b2 e-con-full elementor-hidden-tablet elementor-hidden-mobile e-flex e-con e-child\" data-id=\"5d6d2b2\" data-element_type=\"container\">\n\t\t\t\t<\/div>\n\t\t<div class=\"elementor-element elementor-element-ed3e729 e-con-full animated-slow img-hov e-flex elementor-invisible e-con e-child\" data-id=\"ed3e729\" data-element_type=\"container\" data-settings=\"{&quot;background_background&quot;:&quot;classic&quot;,&quot;animation&quot;:&quot;fadeInUp&quot;}\">\n\t\t\t\t<div class=\"elementor-element elementor-element-d97dced elementor-position-top elementor-widget elementor-widget-image-box\" data-id=\"d97dced\" data-element_type=\"widget\" data-widget_type=\"image-box.default\">\n\t\t\t\t\t<div class=\"elementor-image-box-wrapper\"><figure class=\"elementor-image-box-img\"><img loading=\"lazy\" decoding=\"async\" width=\"512\" height=\"512\" src=\"https:\/\/btv4.sstech247.com\/wp-content\/uploads\/2025\/10\/medical-1.png\" class=\"attachment-full size-full wp-image-422\" alt=\"\" srcset=\"https:\/\/btv4.sstech247.com\/wp-content\/uploads\/2025\/10\/medical-1.png 512w, https:\/\/btv4.sstech247.com\/wp-content\/uploads\/2025\/10\/medical-1-300x300.png 300w, https:\/\/btv4.sstech247.com\/wp-content\/uploads\/2025\/10\/medical-1-150x150.png 150w\" sizes=\"(max-width: 512px) 100vw, 512px\" \/><\/figure><div class=\"elementor-image-box-content\"><h3 class=\"elementor-image-box-title\">Gestionnaire de maison de retraite temporaire et gestionnaire de service de soins infirmiers<\/h3><p class=\"elementor-image-box-description\">Infirmi\u00e8re en chef par int\u00e9rim. S\u00e9lectionnez 96 mots suppl\u00e9mentaires pour ex\u00e9cuter Humanizer.\n\n<\/p><\/div><\/div>\t\t\t\t<\/div>\n\t\t\t\t<\/div>\n\t\t<div class=\"elementor-element elementor-element-c3992c6 e-con-full animated-slow img-hov e-flex elementor-invisible e-con e-child\" data-id=\"c3992c6\" data-element_type=\"container\" data-settings=\"{&quot;background_background&quot;:&quot;classic&quot;,&quot;animation&quot;:&quot;fadeInUp&quot;}\">\n\t\t\t\t<div class=\"elementor-element elementor-element-39e808d elementor-position-top elementor-widget elementor-widget-image-box\" data-id=\"39e808d\" data-element_type=\"widget\" data-widget_type=\"image-box.default\">\n\t\t\t\t\t<div class=\"elementor-image-box-wrapper\"><figure class=\"elementor-image-box-img\"><img loading=\"lazy\" decoding=\"async\" width=\"512\" height=\"512\" src=\"https:\/\/btv4.sstech247.com\/wp-content\/uploads\/2025\/10\/caduceus-symbol.png\" class=\"attachment-full size-full wp-image-423\" alt=\"\" srcset=\"https:\/\/btv4.sstech247.com\/wp-content\/uploads\/2025\/10\/caduceus-symbol.png 512w, https:\/\/btv4.sstech247.com\/wp-content\/uploads\/2025\/10\/caduceus-symbol-300x300.png 300w, https:\/\/btv4.sstech247.com\/wp-content\/uploads\/2025\/10\/caduceus-symbol-150x150.png 150w\" sizes=\"(max-width: 512px) 100vw, 512px\" \/><\/figure><div class=\"elementor-image-box-content\"><h3 class=\"elementor-image-box-title\">R\u00e9organisation des entreprises du secteur m\u00e9dical<\/h3><p class=\"elementor-image-box-description\">Optimisation des processus m\u00e9tier dans le secteur de la sant\u00e9.\n<\/p><\/div><\/div>\t\t\t\t<\/div>\n\t\t\t\t<\/div>\n\t\t\t\t<\/div>\n\t\t\t\t\t<\/div>\n\t\t\t\t<\/div>\n\t\t\t\t<\/div>","protected":false},"excerpt":{"rendered":"<p>Home BTV f\u00fcr Partner Angebote BTV for Partners ist ein Unternehmen, das sich mit den Bed\u00fcrfnissen des medizinischen Sektors befasst. Barrierefreies Reisen mit medizinischer Betreuung Sicheres, inklusives Reisen mit zuverl\u00e4ssiger medizinischer Betreuung. Kurzzeitpflege im Hotel oder Chalet Einf\u00fchlsame h\u00e4usliche Kurzzeitpflege f\u00fcr Familien und Pflegekr\u00e4fte. Telealarm in Zusammenarbeit mit dem Schweizerisches Rotes Kreuz Zuverl\u00e4ssige Notfallreaktion und [&hellip;]<\/p>","protected":false},"author":1,"featured_media":0,"parent":0,"menu_order":0,"comment_status":"closed","ping_status":"closed","template":"","meta":{"_acf_changed":false,"_view_id":"","footnotes":""},"class_list":["post-439","page","type-page","status-publish","hentry"],"acf":[],"_links":{"self":[{"href":"https:\/\/btv4.sstech247.com\/fr\/wp-json\/wp\/v2\/pages\/439","targetHints":{"allow":["GET"]}}],"collection":[{"href":"https:\/\/btv4.sstech247.com\/fr\/wp-json\/wp\/v2\/pages"}],"about":[{"href":"https:\/\/btv4.sstech247.com\/fr\/wp-json\/wp\/v2\/types\/page"}],"author":[{"embeddable":true,"href":"https:\/\/btv4.sstech247.com\/fr\/wp-json\/wp\/v2\/users\/1"}],"replies":[{"embeddable":true,"href":"https:\/\/btv4.sstech247.com\/fr\/wp-json\/wp\/v2\/comments?post=439"}],"version-history":[{"count":22,"href":"https:\/\/btv4.sstech247.com\/fr\/wp-json\/wp\/v2\/pages\/439\/revisions"}],"predecessor-version":[{"id":1432,"href":"https:\/\/btv4.sstech247.com\/fr\/wp-json\/wp\/v2\/pages\/439\/revisions\/1432"}],"wp:attachment":[{"href":"https:\/\/btv4.sstech247.com\/fr\/wp-json\/wp\/v2\/media?parent=439"}],"curies":[{"name":"wp","href":"https:\/\/api.w.org\/{rel}","templated":true}]}}