{"id":1365,"date":"2026-01-13T11:38:36","date_gmt":"2026-01-13T11:38:36","guid":{"rendered":"https:\/\/btv4.sstech247.com\/?page_id=1365"},"modified":"2026-01-13T11:44:34","modified_gmt":"2026-01-13T11:44:34","slug":"reorganisation-von-unternehmen","status":"publish","type":"page","link":"https:\/\/btv4.sstech247.com\/fr\/barrierefreies-reisen\/reorganisation-von-unternehmen\/","title":{"rendered":"Reorganisation von Unternehmen"},"content":{"rendered":"<div data-elementor-type=\"wp-page\" data-elementor-id=\"1365\" class=\"elementor elementor-1365\" data-elementor-post-type=\"page\">\n\t\t\t\t<div class=\"elementor-element elementor-element-a12aabf e-con-full e-flex e-con e-parent\" data-id=\"a12aabf\" data-element_type=\"container\">\n\t\t\t\t<div class=\"elementor-element elementor-element-ce3a637 elementor-widget elementor-widget-shortcode\" data-id=\"ce3a637\" data-element_type=\"widget\" data-widget_type=\"shortcode.default\">\n\t\t\t\t\t\t\t<div class=\"elementor-shortcode\">\t\t<div data-elementor-type=\"container\" data-elementor-id=\"612\" class=\"elementor elementor-612\" data-elementor-post-type=\"elementor_library\">\n\t\t\t\t<div class=\"elementor-element elementor-element-54c8a4a2 e-flex e-con-boxed e-con e-parent\" data-id=\"54c8a4a2\" data-element_type=\"container\" data-settings=\"{&quot;background_background&quot;:&quot;classic&quot;}\">\n\t\t\t\t\t<div class=\"e-con-inner\">\n\t\t\t\t<div class=\"elementor-element elementor-element-1c526055 elementor-icon-list--layout-inline elementor-list-item-link-inline elementor-mobile-align-center elementor-widget-mobile__width-inherit elementor-widget elementor-widget-icon-list\" data-id=\"1c526055\" data-element_type=\"widget\" data-widget_type=\"icon-list.default\">\n\t\t\t\t\t\t\t<ul class=\"elementor-icon-list-items elementor-inline-items\">\n\t\t\t\t\t\t\t<li class=\"elementor-icon-list-item elementor-inline-item\">\n\t\t\t\t\t\t\t\t\t\t\t<a href=\"https:\/\/btv4.sstech247.com\/fr\/\">\n\n\t\t\t\t\t\t\t\t\t\t\t<span class=\"elementor-icon-list-text\">Maison<\/span>\n\t\t\t\t\t\t\t\t\t\t\t<\/a>\n\t\t\t\t\t\t\t\t\t<\/li>\n\t\t\t\t\t\t\t\t<li class=\"elementor-icon-list-item elementor-inline-item\">\n\t\t\t\t\t\t\t\t\t\t\t<span class=\"elementor-icon-list-icon\">\n\t\t\t\t\t\t\t<svg aria-hidden=\"true\" class=\"e-font-icon-svg e-fas-chevron-right\" viewbox=\"0 0 320 512\" xmlns=\"http:\/\/www.w3.org\/2000\/svg\"><path d=\"M285.476 272.971L91.132 467.314c-9.373 9.373-24.569 9.373-33.941 0l-22.667-22.667c-9.357-9.357-9.375-24.522-.04-33.901L188.505 256 34.484 101.255c-9.335-9.379-9.317-24.544.04-33.901l22.667-22.667c9.373-9.373 24.569-9.373 33.941 0L285.475 239.03c9.373 9.372 9.373 24.568.001 33.941z\"><\/path><\/svg>\t\t\t\t\t\t<\/span>\n\t\t\t\t\t\t\t\t\t\t<span class=\"elementor-icon-list-text\"><\/span>\n\t\t\t\t\t\t\t\t\t<\/li>\n\t\t\t\t\t\t<\/ul>\n\t\t\t\t\t\t<\/div>\n\t\t\t\t\t<\/div>\n\t\t\t\t<\/div>\n\t\t\t\t<\/div>\n\t\t<\/div>\n\t\t\t\t\t\t<\/div>\n\t\t\t\t<\/div>\n\t\t<div class=\"elementor-element elementor-element-77c3e50 e-flex e-con-boxed e-con e-parent\" data-id=\"77c3e50\" data-element_type=\"container\" data-settings=\"{&quot;background_background&quot;:&quot;gradient&quot;}\">\n\t\t\t\t\t<div class=\"e-con-inner\">\n\t\t<div class=\"elementor-element elementor-element-a3ce84a e-con-full e-flex e-con e-child\" data-id=\"a3ce84a\" data-element_type=\"container\">\n\t\t\t\t<div class=\"elementor-element elementor-element-2aa373b elementor-widget__width-inherit elementor-invisible elementor-widget elementor-widget-heading\" data-id=\"2aa373b\" data-element_type=\"widget\" data-settings=\"{&quot;_animation&quot;:&quot;fadeInUp&quot;}\" data-widget_type=\"heading.default\">\n\t\t\t\t\t<h2 class=\"elementor-heading-title elementor-size-default\">R\u00e9organisation d'entreprises et\n\ngestion temporaire d'\u00e9tablissements d'h\u00e9bergement pour personnes \u00e2g\u00e9es ou de services de soins\n<\/h2>\t\t\t\t<\/div>\n\t\t\t\t<div class=\"elementor-element elementor-element-0615371 elementor-widget__width-initial elementor-invisible elementor-widget elementor-widget-text-editor\" data-id=\"0615371\" data-element_type=\"widget\" data-settings=\"{&quot;_animation&quot;:&quot;fadeInUp&quot;}\" data-widget_type=\"text-editor.default\">\n\t\t\t\t\t\t\t\t\t<p>R\u00e9organisation des entreprises, mise en place d'une nouvelle structure et r\u00e9alisation des projets.<\/p><p>Gestion temporaire de la maison de retraite, avec aide \u00e0 la recherche de nouveau personnel.<\/p><p>Responsable int\u00e9rimaire des services infirmiers avec aide au recrutement de nouveaux employ\u00e9s<\/p><p>Nous sommes toujours pr\u00eats \u00e0 organiser une premi\u00e8re consultation afin de d\u00e9terminer ce qui convient le mieux \u00e0 votre entreprise.<\/p>\t\t\t\t\t\t\t\t<\/div>\n\t\t\t\t<div class=\"elementor-element elementor-element-0613d5e elementor-widget elementor-widget-icon-box\" data-id=\"0613d5e\" data-element_type=\"widget\" data-widget_type=\"icon-box.default\">\n\t\t\t\t\t\t\t<div class=\"elementor-icon-box-wrapper\">\n\n\t\t\t\n\t\t\t\t\t\t<div class=\"elementor-icon-box-content\">\n\n\t\t\t\t\t\t\t\t\t<h6 class=\"elementor-icon-box-title\">\n\t\t\t\t\t\t<span  >\n\t\t\t\t\t\t\tPersonne \u00e0 contacter : Bernhard Frei \t\t\t\t\t\t<\/span>\n\t\t\t\t\t<\/h6>\n\t\t\t\t\n\t\t\t\t\t\t\t\t\t<p class=\"elementor-icon-box-description\">\n\t\t\t\t\t\tSpitalstrasse 10\n3792 Saanen\t\n\t\t\t\t\t<\/p>\n\t\t\t\t\n\t\t\t<\/div>\n\t\t\t\n\t\t<\/div>\n\t\t\t\t\t\t<\/div>\n\t\t\t\t<div class=\"elementor-element elementor-element-c98b60c elementor-widget elementor-widget-icon-box\" data-id=\"c98b60c\" data-element_type=\"widget\" data-widget_type=\"icon-box.default\">\n\t\t\t\t\t\t\t<div class=\"elementor-icon-box-wrapper\">\n\n\t\t\t\n\t\t\t\t\t\t<div class=\"elementor-icon-box-content\">\n\n\t\t\t\t\t\t\t\t\t<h6 class=\"elementor-icon-box-title\">\n\t\t\t\t\t\t<span  >\n\t\t\t\t\t\t\tDirecteur g\u00e9n\u00e9ral \/ Responsable de maison de retraite  \t\t\t\t\t\t<\/span>\n\t\t\t\t\t<\/h6>\n\t\t\t\t\n\t\t\t\t\t\t\t\t\t<p class=\"elementor-icon-box-description\">\n\t\t\t\t\t\t+41 33 744 26 01\t\t\t\t\t\t<\/p>\n\t\t\t\t\n\t\t\t<\/div>\n\t\t\t\n\t\t<\/div>\n\t\t\t\t\t\t<\/div>\n\t\t\t\t<\/div>\n\t\t\t\t\t<\/div>\n\t\t\t\t<\/div>\n\t\t\t\t<\/div>","protected":false},"excerpt":{"rendered":"<p>Reorganisation von Unternehmen und Heim- oder Pflegedienstleitung auf Zeit Reorganisation von Unternehmen, Einbringen einer neuen Struktur und Umsetzen von Projekten. Heimleitung auf Zeit mit mithilfe bei der Suche vom neuen Kader Pflegedienstleitung auf Zeit mit mithilfe bei der Suche vom neuen Kader F\u00fcr ein Orientierunggepr\u00e4ch sind wir jeder Zeit bereit zu schauen was das Richtige [&hellip;]<\/p>","protected":false},"author":1,"featured_media":0,"parent":623,"menu_order":0,"comment_status":"closed","ping_status":"closed","template":"","meta":{"_acf_changed":false,"_view_id":"","footnotes":""},"class_list":["post-1365","page","type-page","status-publish","hentry"],"acf":[],"_links":{"self":[{"href":"https:\/\/btv4.sstech247.com\/fr\/wp-json\/wp\/v2\/pages\/1365","targetHints":{"allow":["GET"]}}],"collection":[{"href":"https:\/\/btv4.sstech247.com\/fr\/wp-json\/wp\/v2\/pages"}],"about":[{"href":"https:\/\/btv4.sstech247.com\/fr\/wp-json\/wp\/v2\/types\/page"}],"author":[{"embeddable":true,"href":"https:\/\/btv4.sstech247.com\/fr\/wp-json\/wp\/v2\/users\/1"}],"replies":[{"embeddable":true,"href":"https:\/\/btv4.sstech247.com\/fr\/wp-json\/wp\/v2\/comments?post=1365"}],"version-history":[{"count":4,"href":"https:\/\/btv4.sstech247.com\/fr\/wp-json\/wp\/v2\/pages\/1365\/revisions"}],"predecessor-version":[{"id":1369,"href":"https:\/\/btv4.sstech247.com\/fr\/wp-json\/wp\/v2\/pages\/1365\/revisions\/1369"}],"up":[{"embeddable":true,"href":"https:\/\/btv4.sstech247.com\/fr\/wp-json\/wp\/v2\/pages\/623"}],"wp:attachment":[{"href":"https:\/\/btv4.sstech247.com\/fr\/wp-json\/wp\/v2\/media?parent=1365"}],"curies":[{"name":"wp","href":"https:\/\/api.w.org\/{rel}","templated":true}]}}